{"id":1167,"date":"2021-09-13T12:28:55","date_gmt":"2021-09-13T10:28:55","guid":{"rendered":"https:\/\/llengues.umh.es\/?page_id=1167"},"modified":"2022-03-10T10:31:33","modified_gmt":"2022-03-10T09:31:33","slug":"beques-santander-idioma-valencia","status":"publish","type":"page","link":"https:\/\/llengues.umh.es\/en\/ajudes-i-convocatories\/beques-santander-idioma-valencia\/","title":{"rendered":"Beques Santander Idiomes valenci\u00e0"},"content":{"rendered":"<p><img loading=\"lazy\" class=\"alignleft\" src=\"https:\/\/uch.edu.ar\/storage\/noticias\/santander-web-2-1628108282.jpg\" alt=\"Universidad Champagnat\" width=\"218\" height=\"111\" \/><\/p>\n<p><img loading=\"lazy\" class=\"alignleft\" src=\"https:\/\/www.idiomasumh.es\/sites\/all\/themes\/idiomas\/logo.png\" alt=\"Inicio\" width=\"293\" height=\"102\" \/>En virtut de les bases establides pel Banco Santander per al Programa de Beques Santander Idiomes per a l\u2019any 2021, la present convocat\u00f2ria de Beques Santander Idiomes de la Universitat Miguel Hern\u00e1ndez d\u2019Elx, pret\u00e9n posar a la disposici\u00f3 dels estudiants les eines necess\u00e0ries per a ajudar-los a comptar amb perfils i compet\u00e8ncies que s\u2019adapten a les necessitats actuals del mercat laboral. Amb aquestes beques de formaci\u00f3 l\u2019estudiantat podr\u00e0 obtindre un bon domini de la llengua valenciana, no sols de manera general, sin\u00f3 tamb\u00e9 espec\u00edfica, la qual cosa \u00e9s una condici\u00f3 fonamental per a l\u2019ocupabilitat.<\/p>\n<ul>\n<li>\n<p style=\"text-align: left\"><a href=\"https:\/\/llengues.umh.es\/files\/2021\/09\/BEQUES-SANTANDER-IDIOMES-BASES-REGULADORES-DEL-PROGRAMA-.pdf\" target=\"_blank\" rel=\"noopener noreferrer\">BASES REGULADORES DEL PROGRAMA BEQUES SANTANDER IDIOMES &#8211; VALENCI\u00c0 PER A L\u2019ANY 2021<\/a><\/p>\n<ul>\n<li><a href=\"http:\/\/llistat provisional de sol\u00b7licituds admeses, excloses i pendents d\u2019esmenar\" target=\"_blank\" rel=\"noopener\">Llistat provisional de sol\u00b7licituds<\/a><\/li>\n<li><a href=\"https:\/\/llengues.umh.es\/files\/2021\/10\/PUBLICACI\u00d3-DOGV.pdf\" target=\"_blank\" rel=\"noopener noreferrer\">Publicaci\u00f3\u00a0<em>DOGV<\/em> Diari Oficial de la Generalitat Valenciana<\/a><\/li>\n<li><a href=\"https:\/\/llengues.umh.es\/files\/2021\/09\/Formulari-de-sol\u00b7licitud-de-beca.pdf\" target=\"_blank\" rel=\"noopener noreferrer\">Formulari de sol\u00b7licitud de la beca a presentar per la seu electr\u00f2nica de la UMH<\/a><\/li>\n<li><em><a href=\"https:\/\/sede.umh.es\/ca\/procedimientos\/instancia-general\/\" target=\"_blank\" rel=\"noopener noreferrer\">Enlla\u00e7 a la seu Electr\u00f2nica UMH<\/a><\/em><\/li>\n<\/ul>\n<\/li>\n<\/ul>\n<p><\/p>","protected":false},"excerpt":{"rendered":"<p>En virtut de les bases establides pel Banco Santander per al Programa de Beques Santander Idiomes per a l\u2019any 2021, la present convocat\u00f2ria de Beques Santander Idiomes de la Universitat Miguel Hern\u00e1ndez d\u2019Elx, pret\u00e9n posar a la disposici\u00f3 dels estudiants les eines necess\u00e0ries per a ajudar-los a comptar amb perfils i compet\u00e8ncies que s\u2019adapten a [&#8230;]<\/p>\n","protected":false},"author":3564,"featured_media":0,"parent":62,"menu_order":2,"comment_status":"closed","ping_status":"closed","template":"","meta":{"_links_to":"","_links_to_target":""},"_links":{"self":[{"href":"https:\/\/llengues.umh.es\/en\/wp-json\/wp\/v2\/pages\/1167"}],"collection":[{"href":"https:\/\/llengues.umh.es\/en\/wp-json\/wp\/v2\/pages"}],"about":[{"href":"https:\/\/llengues.umh.es\/en\/wp-json\/wp\/v2\/types\/page"}],"author":[{"embeddable":true,"href":"https:\/\/llengues.umh.es\/en\/wp-json\/wp\/v2\/users\/3564"}],"replies":[{"embeddable":true,"href":"https:\/\/llengues.umh.es\/en\/wp-json\/wp\/v2\/comments?post=1167"}],"version-history":[{"count":0,"href":"https:\/\/llengues.umh.es\/en\/wp-json\/wp\/v2\/pages\/1167\/revisions"}],"up":[{"embeddable":true,"href":"https:\/\/llengues.umh.es\/en\/wp-json\/wp\/v2\/pages\/62"}],"wp:attachment":[{"href":"https:\/\/llengues.umh.es\/en\/wp-json\/wp\/v2\/media?parent=1167"}],"curies":[{"name":"wp","href":"https:\/\/api.w.org\/{rel}","templated":true}]}}