{"id":41,"date":"2018-09-21T12:27:03","date_gmt":"2018-09-21T10:27:03","guid":{"rendered":"http:\/\/llengues.umh.es\/?page_id=41"},"modified":"2026-01-29T10:15:03","modified_gmt":"2026-01-29T09:15:03","slug":"directorio","status":"publish","type":"page","link":"https:\/\/llengues.umh.es\/en\/presentacion\/directorio\/","title":{"rendered":"Directori"},"content":{"rendered":"<p>Tatiana Sentamans G\u00f3mez <strong>Vicerectora de Cultura<\/strong><\/p>\n<p>Francisco Javier Toledo Melero <strong>Vicerector adjunt de Promoci\u00f3 Ling\u00fc\u00edstica<\/strong><\/p>\n<p>Matilde Ba\u00f1o Caballero <strong>Cap de l&#8217;Oficina de Cultura\u00a0 i Oficina de Lleng\u00fces<\/strong><br \/>\nprova@umh.es<\/p>\n<p>Inma Teruel Ato <strong>Secret\u00e0ria del vicerectorat<\/strong><br \/>\nvdo.cultextu@umh.es<\/p>\n<p>Josep Ramon Mart\u00ednez <strong>Administraci\u00f3<\/strong><br \/>\nprova@umh.es<\/p>\n<p>Alexandra Nieto Jimenez <strong>Traducci\u00f3<\/strong><br \/>\ntraduccio@umh.es<\/p>\n<p>Daniel Climent Alberola <strong>Traducci\u00f3<\/strong><br \/>\ntraduccio@umh.es<\/p>\n<p>Paula Barcel\u00f3 Gisbert <strong>T\u00e8cnica<\/strong><br \/>\npbarcelo@umh.es<\/p>\n<p>Ubicaci\u00f3 de l&#8217;Oficina de Lleng\u00fces de la Universitat Miguel Hern\u00e1ndez d&#8217;Elx [<a href=\"https:\/\/universite.umh.es\/localizaciones\/default.htm?&amp;selT=estancias&amp;selI=E38P1003\">View full screen<\/a>]<br><br><iframe src=\"https:\/\/universite.umh.es\/localizaciones\/default.htm?face=nok&amp;selT=estancias&amp;selI=E38P1003\" frameborder=0 style=\"border: 0px solid #ffffff;\" width=\"300 px\" height=\"212 px\"><\/iframe>\n<\/p>","protected":false},"excerpt":{"rendered":"<p>Tatiana Sentamans G\u00f3mez Vicerectora de Cultura<br \/>\nFrancisco Javier Toledo Melero Vicerector adjunt de Promoci\u00f3 Ling\u00fc\u00edstica<br \/>\nMatilde Ba\u00f1o Caballero Cap de l&#8217;Oficina de Cultura\u00a0 i Oficina de Lleng\u00fces<br \/>\nprova@umh.es<br \/>\nInma Teruel Ato Secret\u00e0ria del vicerectorat<br \/>\nvdo.cultextu@umh.es<br \/>\nJosep Ramon Mart\u00ednez Administraci\u00f3<br \/>\nprova@umh.es<br \/>\nAlexandra Nieto Jimenez Traducci\u00f3<br \/>\ntraduccio@umh.es<br \/>\nDaniel Climent Alberola Traducci\u00f3<br \/>\ntraduccio@umh.es<br \/>\nPaula Barcel\u00f3 Gisbert T\u00e8cnica<br \/>\npbarcelo@umh.es<br \/>\nUbicaci\u00f3 de l&#8217;Oficina de Lleng\u00fces de la Universitat Miguel Hern\u00e1ndez d&#8217;Elx [View full screen]<\/p>\n","protected":false},"author":3564,"featured_media":0,"parent":11,"menu_order":2,"comment_status":"closed","ping_status":"closed","template":"","meta":{"_links_to":"","_links_to_target":""},"_links":{"self":[{"href":"https:\/\/llengues.umh.es\/en\/wp-json\/wp\/v2\/pages\/41"}],"collection":[{"href":"https:\/\/llengues.umh.es\/en\/wp-json\/wp\/v2\/pages"}],"about":[{"href":"https:\/\/llengues.umh.es\/en\/wp-json\/wp\/v2\/types\/page"}],"author":[{"embeddable":true,"href":"https:\/\/llengues.umh.es\/en\/wp-json\/wp\/v2\/users\/3564"}],"replies":[{"embeddable":true,"href":"https:\/\/llengues.umh.es\/en\/wp-json\/wp\/v2\/comments?post=41"}],"version-history":[{"count":0,"href":"https:\/\/llengues.umh.es\/en\/wp-json\/wp\/v2\/pages\/41\/revisions"}],"up":[{"embeddable":true,"href":"https:\/\/llengues.umh.es\/en\/wp-json\/wp\/v2\/pages\/11"}],"wp:attachment":[{"href":"https:\/\/llengues.umh.es\/en\/wp-json\/wp\/v2\/media?parent=41"}],"curies":[{"name":"wp","href":"https:\/\/api.w.org\/{rel}","templated":true}]}}