{"id":68,"date":"2018-09-26T10:00:05","date_gmt":"2018-09-26T08:00:05","guid":{"rendered":"http:\/\/llengues.umh.es\/?page_id=68"},"modified":"2025-05-22T12:47:10","modified_gmt":"2025-05-22T10:47:10","slug":"jornades-i-conferencies","status":"publish","type":"page","link":"https:\/\/llengues.umh.es\/en\/jornades-i-conferencies\/","title":{"rendered":"Jornades, confer\u00e8ncies i activitats"},"content":{"rendered":"<p><\/p>\n<h4>4t CURS LLENGUA I IDENTITAT AL SUD<\/h4>\n<h4><img loading=\"lazy\" class=\"alignnone size-medium wp-image-392\" src=\"https:\/\/llengues.umh.es\/files\/2019\/09\/Cartell-4t-Curs-Llengua-i-Identitat-al-Sud-212x300.jpg\" alt=\"\" width=\"212\" height=\"300\" srcset=\"https:\/\/llengues.umh.es\/files\/2019\/09\/Cartell-4t-Curs-Llengua-i-Identitat-al-Sud-212x300.jpg 212w, https:\/\/llengues.umh.es\/files\/2019\/09\/Cartell-4t-Curs-Llengua-i-Identitat-al-Sud-768x1086.jpg 768w, https:\/\/llengues.umh.es\/files\/2019\/09\/Cartell-4t-Curs-Llengua-i-Identitat-al-Sud-724x1024.jpg 724w, https:\/\/llengues.umh.es\/files\/2019\/09\/Cartell-4t-Curs-Llengua-i-Identitat-al-Sud.jpg 1240w\" sizes=\"(max-width: 212px) 100vw, 212px\" \/><\/h4>\n<p><a href=\"https:\/\/llengues.umh.es\/files\/2019\/09\/Programa-4t-Curs-Llengua-i-Identitat-al-Sud.pdf\" target=\"_blank\" rel=\"noopener noreferrer\">Programa<\/a><\/p>\n<h4>XIX Trobada de Voluntariat Ling\u00fc\u00edstic<\/h4>\n<p><a href=\"https:\/\/llengues.umh.es\/files\/2019\/09\/FV_Voluntariat_Lingu\u0308i\u0301stic_2019.pdf\" target=\"_blank\" rel=\"noopener noreferrer\">Programa<\/a>. <img loading=\"lazy\" class=\"size-medium wp-image-380 alignleft\" src=\"https:\/\/llengues.umh.es\/files\/2019\/09\/VFV-300x80.jpg\" alt=\"\" width=\"300\" height=\"80\" srcset=\"https:\/\/llengues.umh.es\/files\/2019\/09\/VFV-300x80.jpg 300w, https:\/\/llengues.umh.es\/files\/2019\/09\/VFV.jpg 686w\" sizes=\"(max-width: 300px) 100vw, 300px\" \/><br \/>\nEls objectius de la Trobada s\u00f3n dinamitzar els contactes entre el Voluntariat Ling\u00fc\u00edstic de les universitats de la Xarxa Vives, con\u00e8ixer una de les nostres contrades m\u00e9s emblem\u00e0tiques i debatre sobre les pol\u00edtiques ling\u00fc\u00edstiques dins i fora de l\u2019\u00e0mbit universitari.<\/p>\n<p style=\"text-align: right\"><strong>Jornades finalitzades:<\/strong><\/p>\n<h4><img loading=\"lazy\" class=\"size-medium wp-image-260 alignright\" src=\"https:\/\/llengues.umh.es\/files\/2019\/02\/Cartell-IV-Campionat-Scrabble-1-212x300.jpg\" alt=\"\" width=\"212\" height=\"300\" srcset=\"https:\/\/llengues.umh.es\/files\/2019\/02\/Cartell-IV-Campionat-Scrabble-1-212x300.jpg 212w, https:\/\/llengues.umh.es\/files\/2019\/02\/Cartell-IV-Campionat-Scrabble-1-768x1086.jpg 768w, https:\/\/llengues.umh.es\/files\/2019\/02\/Cartell-IV-Campionat-Scrabble-1-724x1024.jpg 724w, https:\/\/llengues.umh.es\/files\/2019\/02\/Cartell-IV-Campionat-Scrabble-1.jpg 843w\" sizes=\"(max-width: 212px) 100vw, 212px\" \/><\/h4>\n<p><img loading=\"lazy\" class=\"size-medium wp-image-128 alignright\" src=\"https:\/\/llengues.umh.es\/files\/2018\/11\/3r-Curs-Llengua-i-Identitat-al-Sud-212x300.png\" alt=\"\" width=\"212\" height=\"300\" srcset=\"https:\/\/llengues.umh.es\/files\/2018\/11\/3r-Curs-Llengua-i-Identitat-al-Sud-212x300.png 212w, https:\/\/llengues.umh.es\/files\/2018\/11\/3r-Curs-Llengua-i-Identitat-al-Sud-724x1024.png 724w, https:\/\/llengues.umh.es\/files\/2018\/11\/3r-Curs-Llengua-i-Identitat-al-Sud.png 760w\" sizes=\"(max-width: 212px) 100vw, 212px\" \/><\/p>\n<h5><a href=\"https:\/\/cultura.umh.es\/files\/2018\/02\/scrabble2018.jpg\" target=\"_blank\" rel=\"noopener noreferrer\"><img loading=\"lazy\" class=\"wp-image-6380 alignright\" src=\"https:\/\/cultura.umh.es\/files\/2018\/02\/scrabble2018.jpg\" alt=\"\" width=\"200\" height=\"282\" \/><\/a><\/h5>\n<h5><img loading=\"lazy\" class=\"wp-image-305 alignright\" src=\"https:\/\/llengues.umh.es\/files\/2019\/03\/Calendari-Trobades-2019-229x300.png\" alt=\"\" width=\"221\" height=\"289\" srcset=\"https:\/\/llengues.umh.es\/files\/2019\/03\/Calendari-Trobades-2019-229x300.png 229w, https:\/\/llengues.umh.es\/files\/2019\/03\/Calendari-Trobades-2019.png 595w\" sizes=\"(max-width: 221px) 100vw, 221px\" \/><\/h5>\n<h5><\/h5>\n<p>[nggallery id=200]<\/p>\n<h5 style=\"text-align: left\"><\/h5>\n<p><\/p>","protected":false},"excerpt":{"rendered":"<p>4t CURS LLENGUA I IDENTITAT AL SUD<\/p>\n<p>Programa<br \/>\nXIX Trobada de Voluntariat Ling\u00fc\u00edstic<br \/>\nPrograma.<br \/>\nEls objectius de la Trobada s\u00f3n dinamitzar els contactes entre el Voluntariat Ling\u00fc\u00edstic de les universitats de la Xarxa Vives, con\u00e8ixer una de les nostres contrades m\u00e9s emblem\u00e0tiques i debatre sobre les pol\u00edtiques ling\u00fc\u00edstiques dins i fora de l\u2019\u00e0mbit universitari.<br \/>\nJornades finalitzades:<\/p>\n<p>[nggallery id=200]<\/p>\n","protected":false},"author":3564,"featured_media":0,"parent":0,"menu_order":9,"comment_status":"closed","ping_status":"closed","template":"","meta":{"_links_to":"","_links_to_target":""},"_links":{"self":[{"href":"https:\/\/llengues.umh.es\/en\/wp-json\/wp\/v2\/pages\/68"}],"collection":[{"href":"https:\/\/llengues.umh.es\/en\/wp-json\/wp\/v2\/pages"}],"about":[{"href":"https:\/\/llengues.umh.es\/en\/wp-json\/wp\/v2\/types\/page"}],"author":[{"embeddable":true,"href":"https:\/\/llengues.umh.es\/en\/wp-json\/wp\/v2\/users\/3564"}],"replies":[{"embeddable":true,"href":"https:\/\/llengues.umh.es\/en\/wp-json\/wp\/v2\/comments?post=68"}],"version-history":[{"count":0,"href":"https:\/\/llengues.umh.es\/en\/wp-json\/wp\/v2\/pages\/68\/revisions"}],"wp:attachment":[{"href":"https:\/\/llengues.umh.es\/en\/wp-json\/wp\/v2\/media?parent=68"}],"curies":[{"name":"wp","href":"https:\/\/api.w.org\/{rel}","templated":true}]}}