{"id":1161,"date":"2021-09-13T12:18:56","date_gmt":"2021-09-13T10:18:56","guid":{"rendered":"https:\/\/llengues.umh.es\/?page_id=1161"},"modified":"2026-04-02T10:31:38","modified_gmt":"2026-04-02T08:31:38","slug":"ajuts-tfg-tfg-tesis-memories-en-valencia","status":"publish","type":"page","link":"https:\/\/llengues.umh.es\/es\/ajudes-i-convocatories\/ajuts-tfg-tfg-tesis-memories-en-valencia\/","title":{"rendered":"Ayudas TFG, TFM, tesis, memorias en valenciano"},"content":{"rendered":"<p><\/p>\n<h4>CONVOCAT\u00d2RIA DE SUBVENCI\u00d3 (2024\/2025 I 2025\/2026) PER A ELABORAR\u00a0 EN VALENCI\u00c0:<\/h4>\n<ul>\n<li><strong>Tesis<\/strong><\/li>\n<li><strong>Treballs de fi de grau (TFG)<\/strong><\/li>\n<li><strong>Treballs de fi de m\u00e0ster (TFM)<\/strong><\/li>\n<li><strong>Mem\u00f2ries d&#8217;investigaci\u00f3<\/strong><\/li>\n<\/ul>\n<p><strong><a href=\"https:\/\/llengues.umh.es\/ajudes-i-convocatories\/ajuts-tfg-tfg-tesis-memories-en-valencia\/\" target=\"_blank\" rel=\"noopener\"><img loading=\"lazy\" class=\"wp-image-2825 alignleft\" src=\"https:\/\/llengues.umh.es\/files\/2024\/09\/Subvencions-tesis-en-valencia-1024x724.png\" alt=\"\" width=\"362\" height=\"256\" srcset=\"https:\/\/llengues.umh.es\/files\/2024\/09\/Subvencions-tesis-en-valencia-1024x724.png 1024w, https:\/\/llengues.umh.es\/files\/2024\/09\/Subvencions-tesis-en-valencia-300x212.png 300w, https:\/\/llengues.umh.es\/files\/2024\/09\/Subvencions-tesis-en-valencia-768x543.png 768w, https:\/\/llengues.umh.es\/files\/2024\/09\/Subvencions-tesis-en-valencia-1536x1086.png 1536w, https:\/\/llengues.umh.es\/files\/2024\/09\/Subvencions-tesis-en-valencia-2048x1448.png 2048w\" sizes=\"(max-width: 362px) 100vw, 362px\" \/><\/a>Objectiu<\/strong>:<br \/>\nAmb la finalitat d\u2019estimular l\u2019\u00fas del valenci\u00e0 en l\u2019\u00e0mbit de la investigaci\u00f3, l&#8217;Oficina de Lleng\u00fces de la Universitat Miguel Hern\u00e1ndez d\u2019Elx publica una convocat\u00f2ria p\u00fablica per a la concessi\u00f3 d\u2019ajudes a l\u2019elaboraci\u00f3 en valenci\u00e0 de tesis, treballs fi de grau, treballs fi de m\u00e0ster i mem\u00f2ries d\u2019investigaci\u00f3 o equivalents d\u2019estudiants de la Universitat Miguel Hern\u00e1ndez d\u2019Elx.<\/p>\n<p><strong>Important:\u00a0<\/strong><\/p>\n<p>El termini de presentaci\u00f3 de sol\u00b7licituds comen\u00e7a l\u2019endem\u00e0 de la publicaci\u00f3 de l\u2019extracte de la convocat\u00f2ria en el DOGV Diari Oficial de la Generalitat Valenciana d\u2019aquestes bases i finalitzar\u00e0 el 30 de setembre de 2026.<\/p>\n<p>La durada de l\u2019activitat subvencionada arreplega dos cursos acad\u00e8mics, s\u2019ha d\u2019executar abans de la finalitzaci\u00f3 del termini de presentaci\u00f3 de sol\u00b7licituds, aix\u00f2 \u00e9s, el dia 30 de setembre de 2026.<\/p>\n<p>La sol\u00b7licitud s&#8217;ha de presentar per la seu electr\u00f2nica de la UMH i s&#8217;ha d&#8217;adre\u00e7ar a l&#8217;Oficina de Lleng\u00fces de la UMH. <strong>Fins el 30 de setembre, m\u00e9s informaci\u00f3 i dubtes en: prova@umh.es.<\/strong><\/p>\n<ul>\n<li><em><a href=\"https:\/\/sede.umh.es\/ca\/procedimientos\/instancia-general\/\" target=\"_blank\" rel=\"noopener noreferrer\">Enlla\u00e7 a la seu Electr\u00f2nica<\/a><\/em><\/li>\n<li><a href=\"https:\/\/llengues.umh.es\/files\/2026\/04\/MODEL-SOL\u00b7LICITUD-DE-SUBVENCIO.pdf\" target=\"_blank\" rel=\"noopener\"><em>formulari de Sol\u00b7icitud\u00a0 (PDF)<\/em><\/a><\/li>\n<li>Publicaci\u00f3 BOUMH Convocat\u00f2ria d&#8217;ajudes per a elaborar tesis, treballs fi de grau (TFG), treballs fi de m\u00e0ster (TFM) i mem\u00f2ries d\u2019investigaci\u00f3 o equivalents en valenci\u00e0 (2024\/25 i 2025\/26) (PDF)<\/li>\n<li>Publicaci\u00f3 DOGV Convocat\u00f2ria d&#8217;ajudes per a elaborar tesis, treballs fi de grau (TFG), treballs fi de m\u00e0ster (TFM) i mem\u00f2ries d\u2019investigaci\u00f3 o equivalents en valenci\u00e0 (2024\/25 i 2025\/26) (PDF)<\/li>\n<li>Publicaci\u00f3 BOUMH llista provisional sol\u00b7licituds admeses i d&#8217;esmena.<\/li>\n<li>Publicaci\u00f3 BOUMH llista definitiva de sol\u00b7licituds admeses i excloses.<\/li>\n<li>Publicaci\u00f3 BOUMH Proposta de concessi\u00f3 provisional de les ajudes (2024\/25 i 2025\/26)<\/li>\n<li>Publicaci\u00f3 BOUMH concessi\u00f3 de les ajudes (2024\/25 i 2025\/26)<\/li>\n<\/ul>\n<p>&nbsp;<\/p>","protected":false},"excerpt":{"rendered":"<p>CONVOCAT\u00d2RIA DE SUBVENCI\u00d3 (2024\/2025 I 2025\/2026) PER A ELABORAR\u00a0 EN VALENCI\u00c0:<\/p>\n<p>Tesis<br \/>\nTreballs de fi de grau (TFG)<br \/>\nTreballs de fi de m\u00e0ster (TFM)<br \/>\nMem\u00f2ries d&#8217;investigaci\u00f3<\/p>\n<p>Objectiu:<br \/>\nAmb la finalitat d\u2019estimular l\u2019\u00fas del valenci\u00e0 en l\u2019\u00e0mbit de la investigaci\u00f3, l&#8217;Oficina de Lleng\u00fces de la Universitat Miguel Hern\u00e1ndez d\u2019Elx publica una convocat\u00f2ria p\u00fablica per a la concessi\u00f3 d\u2019ajudes a l\u2019elaboraci\u00f3 en valenci\u00e0 [&#8230;]<\/p>\n","protected":false},"author":3564,"featured_media":0,"parent":62,"menu_order":1,"comment_status":"closed","ping_status":"closed","template":"","meta":{"_links_to":"","_links_to_target":""},"_links":{"self":[{"href":"https:\/\/llengues.umh.es\/es\/wp-json\/wp\/v2\/pages\/1161"}],"collection":[{"href":"https:\/\/llengues.umh.es\/es\/wp-json\/wp\/v2\/pages"}],"about":[{"href":"https:\/\/llengues.umh.es\/es\/wp-json\/wp\/v2\/types\/page"}],"author":[{"embeddable":true,"href":"https:\/\/llengues.umh.es\/es\/wp-json\/wp\/v2\/users\/3564"}],"replies":[{"embeddable":true,"href":"https:\/\/llengues.umh.es\/es\/wp-json\/wp\/v2\/comments?post=1161"}],"version-history":[{"count":0,"href":"https:\/\/llengues.umh.es\/es\/wp-json\/wp\/v2\/pages\/1161\/revisions"}],"up":[{"embeddable":true,"href":"https:\/\/llengues.umh.es\/es\/wp-json\/wp\/v2\/pages\/62"}],"wp:attachment":[{"href":"https:\/\/llengues.umh.es\/es\/wp-json\/wp\/v2\/media?parent=1161"}],"curies":[{"name":"wp","href":"https:\/\/api.w.org\/{rel}","templated":true}]}}