{"id":2727,"date":"2024-05-07T12:08:58","date_gmt":"2024-05-07T10:08:58","guid":{"rendered":"https:\/\/llengues.umh.es\/?page_id=2727"},"modified":"2025-05-22T13:23:56","modified_gmt":"2025-05-22T11:23:56","slug":"traduccio","status":"publish","type":"page","link":"https:\/\/llengues.umh.es\/es\/traduccio\/","title":{"rendered":"<span lang=\"ca\">(Valenci\u00e0) Traducci\u00f3<\/span>"},"content":{"rendered":"<p class=\"qtranxs-available-languages-message qtranxs-available-languages-message-es\">Disculpa, pero esta entrada est\u00e1 disponible s\u00f3lo en <a href=\"https:\/\/llengues.umh.es\/ca\/wp-json\/wp\/v2\/pages\/2727\" class=\"qtranxs-available-language-link qtranxs-available-language-link-ca\" title=\"Valenci\u00e0\">Catal\u00e1n<\/a>.<\/p>","protected":false},"excerpt":{"rendered":"<p>Disculpa, pero esta entrada est\u00e1 disponible s\u00f3lo en Catal\u00e1n.<\/p>\n","protected":false},"author":4823,"featured_media":0,"parent":0,"menu_order":4,"comment_status":"closed","ping_status":"closed","template":"","meta":{"_links_to":"","_links_to_target":""},"_links":{"self":[{"href":"https:\/\/llengues.umh.es\/es\/wp-json\/wp\/v2\/pages\/2727"}],"collection":[{"href":"https:\/\/llengues.umh.es\/es\/wp-json\/wp\/v2\/pages"}],"about":[{"href":"https:\/\/llengues.umh.es\/es\/wp-json\/wp\/v2\/types\/page"}],"author":[{"embeddable":true,"href":"https:\/\/llengues.umh.es\/es\/wp-json\/wp\/v2\/users\/4823"}],"replies":[{"embeddable":true,"href":"https:\/\/llengues.umh.es\/es\/wp-json\/wp\/v2\/comments?post=2727"}],"version-history":[{"count":0,"href":"https:\/\/llengues.umh.es\/es\/wp-json\/wp\/v2\/pages\/2727\/revisions"}],"wp:attachment":[{"href":"https:\/\/llengues.umh.es\/es\/wp-json\/wp\/v2\/media?parent=2727"}],"curies":[{"name":"wp","href":"https:\/\/api.w.org\/{rel}","templated":true}]}}