{"id":477,"date":"2020-01-29T13:52:59","date_gmt":"2020-01-29T12:52:59","guid":{"rendered":"https:\/\/llengues.umh.es\/?page_id=477"},"modified":"2020-03-31T12:40:09","modified_gmt":"2020-03-31T10:40:09","slug":"lliga-de-debat-de-secundaria-i-batxillerat","status":"publish","type":"page","link":"https:\/\/llengues.umh.es\/es\/activitats-culturals\/lliga-de-debat-xarxa-vives\/lliga-de-debat-de-secundaria-i-batxillerat\/","title":{"rendered":"Lliga de Debat de Secund\u00e0ria i Batxillerat"},"content":{"rendered":"<p>La fase final de la Lliga de Debat de Secund\u00e0ria i Batxillerat 2020 ha quedat suspesa fins a nou av\u00eds.<\/p>\n<p>2020. Al debat final de la competici\u00f3 celebrada a la <strong>UMH<\/strong> s\u2019han enfrontat l\u2019equip de l\u2019<strong>IES Nou Derramador d\u2019Ibi<\/strong> (l\u2019Alcoi\u00e0) i l\u2019equip de l\u2019<strong>IES Professor Manuel Broseta<\/strong> de Banyeres de Mariola (l\u2019Alcoi\u00e0). Com a resultat, el primer d\u2019aquests ha esdevingut campi\u00f3. Aix\u00ed, els alumnes de 2n de batxillerat Carlos Emilio Asensio, Carmen Linares, Luc\u00eda Montesinos, Aitana Palao i Zaira Vicente, amb Laura Fern\u00e1ndez com a capitana, representaran a la Universitat en la fase final de la competici\u00f3.<\/p>\n<p><img loading=\"lazy\" class=\"alignnone size-medium wp-image-482\" src=\"https:\/\/llengues.umh.es\/files\/2020\/02\/Equip-campi\u00f3-de-la-fase-local-de-la-Universitat-Miguel-Hern\u00e1ndez-dElx-300x225.jpg\" alt=\"\" width=\"300\" height=\"225\" srcset=\"https:\/\/llengues.umh.es\/files\/2020\/02\/Equip-campi\u00f3-de-la-fase-local-de-la-Universitat-Miguel-Hern\u00e1ndez-dElx-300x225.jpg 300w, https:\/\/llengues.umh.es\/files\/2020\/02\/Equip-campi\u00f3-de-la-fase-local-de-la-Universitat-Miguel-Hern\u00e1ndez-dElx-768x576.jpg 768w, https:\/\/llengues.umh.es\/files\/2020\/02\/Equip-campi\u00f3-de-la-fase-local-de-la-Universitat-Miguel-Hern\u00e1ndez-dElx-1024x768.jpg 1024w\" sizes=\"(max-width: 300px) 100vw, 300px\" \/><\/p>\n<p>La Lliga de Debat de Secund\u00e0ria i Batxillerat \u00e9s una competici\u00f3 dial\u00e8ctica i intel\u00b7lectual en la qual diversos equips d\u2019estudiants debaten sobre un tema pol\u00e8mic i<br \/>\nd\u2019actualitat.<\/p>\n<iframe  id=\"_ytid_99128\"  width=\"480\" height=\"270\"  data-origwidth=\"480\" data-origheight=\"270\" src=\"https:\/\/www.youtube.com\/embed\/xjVtpMWsBLc?enablejsapi=1&autoplay=0&cc_load_policy=0&cc_lang_pref=&iv_load_policy=1&loop=0&modestbranding=0&rel=1&fs=1&playsinline=0&autohide=2&theme=dark&color=red&controls=1&\" class=\"__youtube_prefs__  no-lazyload\" title=\"YouTube player\"  allow=\"accelerometer; autoplay; clipboard-write; encrypted-media; gyroscope; picture-in-picture\" allowfullscreen data-no-lazy=\"1\" data-skipgform_ajax_framebjll=\"\"><\/iframe>\n<p><strong>Qui pot participar a la Lliga de Debat de Secund\u00e0ria i Batxillerat?<\/strong><br \/>\nLa Lliga de Debat de Secund\u00e0ria i Batxillerat est\u00e0 adre\u00e7ada a l\u2019alumnat de 4t d\u2019ESO, batxillerat (i equivalents) i cicles formatius d\u2019entre 15 i 18 anys, de la Franja de Ponent, Catalunya, Pa\u00eds Valenci\u00e0, Illes Balears, Andorra, Catalunya del Nord i Sardenya.<\/p>\n<p>Els equips han d\u2019estar formats per un m\u00ednim de 3 i un m\u00e0xim de 5 estudiants del mateix centre educatiu i estar representats per un capit\u00e0-tutor designat pel centre. Cal garantir la diversitat de g\u00e8nere en la composici\u00f3 de l\u2019equip.<\/p>\n<p><strong>Quins s\u00f3n els objectius de la Lliga de Debat de Secund\u00e0ria i Batxillerat?<\/strong><br \/>\nLa Xarxa Vives impulsa des de l\u2019any 2014 aquesta competici\u00f3 dial\u00e8ctica amb els seg\u00fcents objectius:<\/p>\n<p>Millorar de les habilitats comunicatives dels participants que es\u00a0troben en l\u2019etapa formativa.<br \/>\nFomentar l\u2019adquisici\u00f3 de compet\u00e8ncies transversals com s\u00f3n\u00a0la seguretat, el treball en equip, la creativitat, la documentaci\u00f3,\u00a0l\u2019an\u00e0lisi, la construcci\u00f3 d\u2019un discurs, la planificaci\u00f3 i la presa de\u00a0decisions.<br \/>\nProveir al professorat d\u2019una eina d\u2019innovaci\u00f3 docent per\u00a0al desenvolupament personal de l\u2019alumne en l\u2019\u00e0mbit del\u00a0multiling\u00fcisme.<br \/>\nCrear un espai de col\u00b7laboraci\u00f3 entre els nivells d\u2019educaci\u00f3\u00a0secund\u00e0ria i superior.<br \/>\nOferir a l\u2019alumnat un primer contacte amb la universitat.<\/p>\n<p><strong>Com es desenvolupa la Lliga de Debat de Secund\u00e0ria i Batxillerat?<\/strong><br \/>\nLa Lliga de Debat de Secund\u00e0ria i Batxillerat consta de fases locals (classificat\u00f2ries) i d\u2019una fase final.<\/p>\n<p><strong>Fases locals<\/strong><br \/>\nCada centre docent s\u2019inscriu com a participant a una universitat de la Xarxa Vives. Les fases locals es disputen entre els equips dels centres inscrits a una mateixa universitat, que \u00e9s qui acull la competici\u00f3. L\u2019equip guanyador de cadascuna de les fases locals es classifica per a la fase final.<\/p>\n<p><strong>Fase final<\/strong><br \/>\nLa fase final es disputa cada any a una universitat de la Xarxa Vives. En ella, competeixen els equips guanyadors de cada fase local, en representaci\u00f3 de la universitat de refer\u00e8ncia.<\/p>\n<p><a href=\"https:\/\/www.vives.org\/programes\/estudiants\/lliga-debat-universitaria\/\" target=\"_blank\" rel=\"noopener noreferrer\"><img loading=\"lazy\" class=\"alignnone wp-image-467\" src=\"https:\/\/llengues.umh.es\/files\/2020\/01\/descarga.png\" alt=\"\" width=\"155\" height=\"89\" \/><\/a><a href=\"https:\/\/www.vives.org\/\" target=\"_blank\" rel=\"noopener noreferrer\"><img loading=\"lazy\" class=\"alignnone wp-image-470\" src=\"https:\/\/llengues.umh.es\/files\/2020\/01\/descarga-300x65.jpg\" alt=\"\" width=\"194\" height=\"42\" srcset=\"https:\/\/llengues.umh.es\/files\/2020\/01\/descarga-300x65.jpg 300w, https:\/\/llengues.umh.es\/files\/2020\/01\/descarga.jpg 481w\" sizes=\"(max-width: 194px) 100vw, 194px\" \/><\/a><a href=\"https:\/\/www.vives.org\/programes\/estudiants\/lliga-debat-secundaria-batxillerat\/\" target=\"_blank\" rel=\"noopener noreferrer\"><img loading=\"lazy\" class=\"alignnone wp-image-474\" src=\"https:\/\/llengues.umh.es\/files\/2020\/01\/LDSB-sense-fons-300x181.png\" alt=\"\" width=\"147\" height=\"89\" srcset=\"https:\/\/llengues.umh.es\/files\/2020\/01\/LDSB-sense-fons-300x181.png 300w, https:\/\/llengues.umh.es\/files\/2020\/01\/LDSB-sense-fons-768x464.png 768w, https:\/\/llengues.umh.es\/files\/2020\/01\/LDSB-sense-fons-1024x619.png 1024w, https:\/\/llengues.umh.es\/files\/2020\/01\/LDSB-sense-fons.png 1530w\" sizes=\"(max-width: 147px) 100vw, 147px\" \/><\/a><\/p>\n<p>[nggallery id=212]<\/p>","protected":false},"excerpt":{"rendered":"<p>La fase final de la Lliga de Debat de Secund\u00e0ria i Batxillerat 2020 ha quedat suspesa fins a nou av\u00eds.<br \/>\n2020. Al debat final de la competici\u00f3 celebrada a la UMH s\u2019han enfrontat l\u2019equip de l\u2019IES Nou Derramador d\u2019Ibi (l\u2019Alcoi\u00e0) i l\u2019equip de l\u2019IES Professor Manuel Broseta de Banyeres de Mariola (l\u2019Alcoi\u00e0). Com a resultat, el [&#8230;]<\/p>\n","protected":false},"author":3564,"featured_media":0,"parent":59,"menu_order":1,"comment_status":"closed","ping_status":"closed","template":"","meta":{"_links_to":"","_links_to_target":""},"_links":{"self":[{"href":"https:\/\/llengues.umh.es\/es\/wp-json\/wp\/v2\/pages\/477"}],"collection":[{"href":"https:\/\/llengues.umh.es\/es\/wp-json\/wp\/v2\/pages"}],"about":[{"href":"https:\/\/llengues.umh.es\/es\/wp-json\/wp\/v2\/types\/page"}],"author":[{"embeddable":true,"href":"https:\/\/llengues.umh.es\/es\/wp-json\/wp\/v2\/users\/3564"}],"replies":[{"embeddable":true,"href":"https:\/\/llengues.umh.es\/es\/wp-json\/wp\/v2\/comments?post=477"}],"version-history":[{"count":0,"href":"https:\/\/llengues.umh.es\/es\/wp-json\/wp\/v2\/pages\/477\/revisions"}],"up":[{"embeddable":true,"href":"https:\/\/llengues.umh.es\/es\/wp-json\/wp\/v2\/pages\/59"}],"wp:attachment":[{"href":"https:\/\/llengues.umh.es\/es\/wp-json\/wp\/v2\/media?parent=477"}],"curies":[{"name":"wp","href":"https:\/\/api.w.org\/{rel}","templated":true}]}}