{"id":56,"date":"2018-09-24T14:55:12","date_gmt":"2018-09-24T12:55:12","guid":{"rendered":"http:\/\/llengues.umh.es\/?page_id=56"},"modified":"2021-10-26T12:28:18","modified_gmt":"2021-10-26T10:28:18","slug":"recursos-linguistics","status":"publish","type":"page","link":"https:\/\/llengues.umh.es\/es\/recursos\/recursos-linguistics\/","title":{"rendered":"Recursos ling\u00fc\u00edstics"},"content":{"rendered":"<p><\/p>\n<h3><strong>Institucions<\/strong><\/h3>\n<ul>\n<li><a href=\"http:\/\/www.gva.es\/va\/inicio\/presentacion\" target=\"_blank\" rel=\"noopener noreferrer\">Generalitat Valenciana<\/a><\/li>\n<li><a href=\"http:\/\/www.avl.gva.es\/inici.html\" target=\"_blank\" rel=\"noopener noreferrer\">Acad\u00e8mia valenciana de la llengua<\/a><\/li>\n<li><a href=\"http:\/\/cieacova.com\/\" target=\"_blank\" rel=\"noopener noreferrer\">CIEACOVA<\/a><\/li>\n<li><a href=\"http:\/\/www.iec.cat\/\" target=\"_blank\" rel=\"noopener noreferrer\">Institut d\u2019Estudis Catalans<\/a><\/li>\n<li><a href=\"http:\/\/www.vives.org\/\" target=\"_blank\" rel=\"noopener noreferrer\">Xarxa Vives<\/a><\/li>\n<\/ul>\n<h3><strong>Diccionaris en linia i traductors<\/strong><\/h3>\n<ul>\n<li><a href=\"http:\/\/dcvb.iecat.net\/\" target=\"_blank\" rel=\"noopener noreferrer\">Diccionari Catal\u00e0-Valenci\u00e0-Balear<\/a><\/li>\n<li><a href=\"http:\/\/www.termcat.cat\/\" target=\"_blank\" rel=\"noopener noreferrer\">Termcat<\/a><\/li>\n<li><a href=\"https:\/\/salt.gva.es\/saltdics\/\" target=\"_blank\" rel=\"noopener noreferrer\">Diccionaris del Salt castell\u00e0-valenci\u00e0, valenci\u00e0-castell\u00e0, franc\u00e9s-valenci\u00e0, castell\u00e0 i valenci\u00e0-angl\u00e9s-castell\u00e0<\/a><\/li>\n<li><a href=\"http:\/\/www.softvalencia.org\/\" target=\"_blank\" rel=\"noopener noreferrer\">Softvalenci\u00e0<\/a><\/li>\n<li><a href=\"http:\/\/www.avl.gva.es\/va\/documents-normatius\/diccionari-ortografic\" target=\"_blank\" rel=\"noopener noreferrer\">Diccionari ortogr\u00e0fic i de pronunciaci\u00f3 de valenci\u00e0<\/a><\/li>\n<li><a href=\"http:\/\/www.avl.gva.es\/lexicval\/\" target=\"_blank\" rel=\"noopener noreferrer\">Diccionari normatiu valenci\u00e0<\/a><\/li>\n<li><a href=\"http:\/\/www.llengua.info\/ddcor\/main.php\" target=\"_blank\" rel=\"noopener noreferrer\">Diccionari de Dubtes del Catal\u00e0 Oral \u2013 DDCOR<\/a><\/li>\n<li><a href=\"https:\/\/enciclopedia.cat\/\" target=\"_blank\" rel=\"noopener noreferrer\">Enciclop\u00e8dia catalana<\/a><\/li>\n<li><a href=\"http:\/\/www.ceice.gva.es\/documents\/161863176\/162975856\/Salt_902.zip\/5a99ec70-c09b-4b3c-afd1-574e59cb910f\">Progra Salt 3.0 (versi\u00f3 902)<\/a><\/li>\n<\/ul>\n<h3><strong>Criteris Ling\u00fc\u00edstics<\/strong><\/h3>\n<ul>\n<li><a href=\"https:\/\/cultura.umh.es\/files\/2016\/12\/Criteris-Ling\u00fc\u00edstics-Generalitat-Velanciana.pdf\" target=\"_blank\" rel=\"noopener noreferrer\">Criteris ling\u00fc\u00edstics de l\u2019administraci\u00f3 de la Generalitat Valanciana<\/a><\/li>\n<li><a href=\"https:\/\/cultura.umh.es\/files\/2016\/12\/criteris_linguistics-universitats.pdf\" target=\"_blank\" rel=\"noopener noreferrer\">Criteris ling\u00fc\u00edstics per als usos institucionals de les universitats valencianes<\/a><\/li>\n<li><a href=\"https:\/\/cultura.umh.es\/files\/2016\/12\/Criteris-ling\u00fc\u00edstics-Xarxa-Vives.pdf\" target=\"_blank\" rel=\"noopener noreferrer\">Criteris ling\u00fc\u00edstics per a textos corporatius de difusi\u00f3 general<\/a><\/li>\n<li><a href=\"https:\/\/cultura.umh.es\/files\/2016\/12\/BTPL-Majuscules-i-minuscules.pdf\" target=\"_blank\" rel=\"noopener noreferrer\">Criteris ling\u00fc\u00edstics de maj\u00fascules i min\u00fascules (Biblioteca T\u00e9cnica de Pol\u00edtica Ling\u00fc\u00edstica)<\/a><\/li>\n<\/ul>\n<h3><strong>Altres recursos<\/strong><\/h3>\n<ul>\n<li><a href=\"https:\/\/cultura.umh.es\/files\/2016\/12\/abrevia.pdf\" target=\"_blank\" rel=\"noopener noreferrer\">Abreviatures, sigles i s\u00edmbols <\/a><\/li>\n<li><a href=\"https:\/\/cultura.umh.es\/files\/2016\/12\/manual_documents_administratius.pdf\" target=\"_blank\" rel=\"noopener noreferrer\">Manual de documents i llenguatge administratius.<\/a><\/li>\n<li><a href=\"https:\/\/llengues.umh.es\/files\/2020\/05\/recomanacions_ling\u00fc\u00edstiques_digital.pdf\" target=\"_blank\" rel=\"noopener noreferrer\">Recomanacions ling\u00fc\u00edstiques per a les xarxes socials a les universitats<\/a><\/li>\n<\/ul>\n<p><span data-mce-type=\"bookmark\" style=\"width: 0px;overflow: hidden;line-height: 0\" class=\"mce_SELRES_start\">\ufeff<\/span><\/p>","protected":false},"excerpt":{"rendered":"<p>Institucions<\/p>\n<p>Generalitat Valenciana<br \/>\nAcad\u00e8mia valenciana de la llengua<br \/>\nCIEACOVA<br \/>\nInstitut d\u2019Estudis Catalans<br \/>\nXarxa Vives<\/p>\n<p>Diccionaris en linia i traductors<\/p>\n<p>Diccionari Catal\u00e0-Valenci\u00e0-Balear<br \/>\nTermcat<br \/>\nDiccionaris del Salt castell\u00e0-valenci\u00e0, valenci\u00e0-castell\u00e0, franc\u00e9s-valenci\u00e0, castell\u00e0 i valenci\u00e0-angl\u00e9s-castell\u00e0<br \/>\nSoftvalenci\u00e0<br \/>\nDiccionari ortogr\u00e0fic i de pronunciaci\u00f3 de valenci\u00e0<br \/>\nDiccionari normatiu valenci\u00e0<br \/>\nDiccionari de Dubtes del Catal\u00e0 Oral \u2013 DDCOR<br \/>\nEnciclop\u00e8dia catalana<br \/>\nProgra Salt 3.0 (versi\u00f3 902)<\/p>\n<p>Criteris Ling\u00fc\u00edstics<\/p>\n<p>Criteris ling\u00fc\u00edstics de l\u2019administraci\u00f3 de la Generalitat Valanciana<br \/>\nCriteris ling\u00fc\u00edstics per als usos institucionals [&#8230;]<\/p>\n","protected":false},"author":3564,"featured_media":0,"parent":635,"menu_order":1,"comment_status":"closed","ping_status":"closed","template":"","meta":{"_links_to":"","_links_to_target":""},"_links":{"self":[{"href":"https:\/\/llengues.umh.es\/es\/wp-json\/wp\/v2\/pages\/56"}],"collection":[{"href":"https:\/\/llengues.umh.es\/es\/wp-json\/wp\/v2\/pages"}],"about":[{"href":"https:\/\/llengues.umh.es\/es\/wp-json\/wp\/v2\/types\/page"}],"author":[{"embeddable":true,"href":"https:\/\/llengues.umh.es\/es\/wp-json\/wp\/v2\/users\/3564"}],"replies":[{"embeddable":true,"href":"https:\/\/llengues.umh.es\/es\/wp-json\/wp\/v2\/comments?post=56"}],"version-history":[{"count":0,"href":"https:\/\/llengues.umh.es\/es\/wp-json\/wp\/v2\/pages\/56\/revisions"}],"up":[{"embeddable":true,"href":"https:\/\/llengues.umh.es\/es\/wp-json\/wp\/v2\/pages\/635"}],"wp:attachment":[{"href":"https:\/\/llengues.umh.es\/es\/wp-json\/wp\/v2\/media?parent=56"}],"curies":[{"name":"wp","href":"https:\/\/api.w.org\/{rel}","templated":true}]}}