{"id":675,"date":"2020-08-20T18:00:52","date_gmt":"2020-08-20T16:00:52","guid":{"rendered":"https:\/\/llengues.umh.es\/?page_id=675"},"modified":"2026-01-29T11:16:01","modified_gmt":"2026-01-29T10:16:01","slug":"localitzacio","status":"publish","type":"page","link":"https:\/\/llengues.umh.es\/es\/presentacion\/localitzacio\/","title":{"rendered":"Localizaci\u00f3n"},"content":{"rendered":"<p><strong>C\u00f3mo llegar<\/strong><\/p>\n<p>La Oficina de Lenguas de la UMH se encuentra en el edificio de La Valona, localizado aqu\u00ed: <a href=\"https:\/\/maps.app.goo.gl\/ybPLSt9n9v5BG2t3A\">mapa de la localizaci\u00f3n<\/a>.<\/p>\n<p><strong>Universidad Miguel Hern\u00e1ndez de Elche<\/strong><br \/>\nAvenida de la Universidad, s\/n. 03202 Elche, Alicante<br \/>\n<strong>Oficina de Lenguas<\/strong><br \/>\nEdificio La Valona (segunda planta)<br \/>\nCampus de Elche<\/p>\n<p>Si pod\u00e9is, evitad el desplazamiento, utilizando medios telem\u00e1ticos como el correo electr\u00f3nico, el web, una llamada tel\u00e9fonica, una videollamada, etc.<br \/>\nSi ven\u00eds en bicicleta propia, el edificio cuenta con aparcamiento para bicicletas, y a 300 metros del edificio la Galia dispone de un <a href=\"https:\/\/www.umhsostenible.com\/bicicletas\/\">Kit de Mantenimiento de Bicicletas<\/a>.<br \/>\nSi ven\u00eds en <a href=\"https:\/\/bicielx.es\/estaciones-bicicletas\/\">BiciElx<\/a>, dispon\u00e9is de una estaci\u00f3n en la puerta del edificio de Rectorado y Consejo Social (a 200 metros aproximadamente) y tambi\u00e9n en la calle de Ilicitano Ausente, junto a Plaza Castilla.<br \/>\nSi ven\u00eds en <a href=\"https:\/\/www.umhsostenible.com\/autobuses\/\">autob\u00fas<\/a>, la Estaci\u00f3n de Autobuses se encuentra a 1,4 km.<br \/>\nSi ven\u00eds en <a href=\"https:\/\/www.umhsostenible.com\/trenes\/\">tren<\/a>, la parada \u00abElche Parque\u00bb se encuentra a 1,7 km.<br \/>\nSi ven\u00eds en coche, la UMH dispone de una <a href=\"https:\/\/www.umhsostenible.com\/coche-compartido\/\">bolsa de coche compartido<\/a>, y parking gratuito.<\/p>\n<p><strong>Plano Campus de Elche UMH<\/strong><\/p>\n<p><strong><a href=\"https:\/\/llengues.umh.es\/files\/2024\/06\/Plano-UMH.png\"><img loading=\"lazy\" class=\"alignnone size-medium wp-image-2799\" src=\"https:\/\/llengues.umh.es\/files\/2024\/06\/Plano-UMH-300x212.png\" alt=\"Plano UMH Campus Elx\" width=\"300\" height=\"212\" srcset=\"https:\/\/llengues.umh.es\/files\/2024\/06\/Plano-UMH-300x212.png 300w, https:\/\/llengues.umh.es\/files\/2024\/06\/Plano-UMH-1024x723.png 1024w, https:\/\/llengues.umh.es\/files\/2024\/06\/Plano-UMH-768x542.png 768w, https:\/\/llengues.umh.es\/files\/2024\/06\/Plano-UMH-1536x1085.png 1536w, https:\/\/llengues.umh.es\/files\/2024\/06\/Plano-UMH-2048x1446.png 2048w\" sizes=\"(max-width: 300px) 100vw, 300px\" \/><\/a><\/strong><\/p>\n<p><strong>Foto edificio Valona<\/strong><\/p>\n<p><a href=\"https:\/\/llengues.umh.es\/files\/2024\/06\/La-Valona.jpg\"><img loading=\"lazy\" class=\"alignnone size-medium wp-image-2802\" src=\"https:\/\/llengues.umh.es\/files\/2024\/06\/La-Valona-300x226.jpg\" alt=\"Edifici Valona\" width=\"300\" height=\"226\" srcset=\"https:\/\/llengues.umh.es\/files\/2024\/06\/La-Valona-300x226.jpg 300w, https:\/\/llengues.umh.es\/files\/2024\/06\/La-Valona-1024x771.jpg 1024w, https:\/\/llengues.umh.es\/files\/2024\/06\/La-Valona-768x579.jpg 768w, https:\/\/llengues.umh.es\/files\/2024\/06\/La-Valona.jpg 1354w\" sizes=\"(max-width: 300px) 100vw, 300px\" \/><\/a><\/p>\n<div id=\"attachment_8\" class=\"wp-caption alignnone\">\n<p id=\"caption-attachment-8\" class=\"wp-caption-text\"><strong>Transporte p\u00fablico<\/strong><\/p>\n<\/div>\n<ul>\n<li>Estaci\u00f3n de autobuses de Alacant: C. Portugal, 17 \u2013 Tel\u00e8fon: +34 965130700<\/li>\n<li>Estaci\u00f3n de autobuses de Elx: Av. del Ferrocarril, 4 \u2013 Tel\u00e8fon: +34 902422242<\/li>\n<li>Estaci\u00f3n de RENFE-Alacant: Av. Salamanca, s\/n \u2013 Tel\u00e8fon: +34 902240202<\/li>\n<li>Estaci\u00f3n de RENFE-Elx: Av. del Ferrocarril, s\/n \u2013 Tel\u00e8fon: +34 965456254<\/li>\n<\/ul>\n<p><\/p>","protected":false},"excerpt":{"rendered":"<p>C\u00f3mo llegar<br \/>\nLa Oficina de Lenguas de la UMH se encuentra en el edificio de La Valona, localizado aqu\u00ed: mapa de la localizaci\u00f3n.<br \/>\nUniversidad Miguel Hern\u00e1ndez de Elche<br \/>\nAvenida de la Universidad, s\/n. 03202 Elche, Alicante<br \/>\nOficina de Lenguas<br \/>\nEdificio La Valona (segunda planta)<br \/>\nCampus de Elche<br \/>\nSi pod\u00e9is, evitad el desplazamiento, utilizando medios telem\u00e1ticos como el correo electr\u00f3nico, el web, una [&#8230;]<\/p>\n","protected":false},"author":3564,"featured_media":0,"parent":11,"menu_order":3,"comment_status":"closed","ping_status":"closed","template":"","meta":{"_links_to":"","_links_to_target":""},"_links":{"self":[{"href":"https:\/\/llengues.umh.es\/es\/wp-json\/wp\/v2\/pages\/675"}],"collection":[{"href":"https:\/\/llengues.umh.es\/es\/wp-json\/wp\/v2\/pages"}],"about":[{"href":"https:\/\/llengues.umh.es\/es\/wp-json\/wp\/v2\/types\/page"}],"author":[{"embeddable":true,"href":"https:\/\/llengues.umh.es\/es\/wp-json\/wp\/v2\/users\/3564"}],"replies":[{"embeddable":true,"href":"https:\/\/llengues.umh.es\/es\/wp-json\/wp\/v2\/comments?post=675"}],"version-history":[{"count":0,"href":"https:\/\/llengues.umh.es\/es\/wp-json\/wp\/v2\/pages\/675\/revisions"}],"up":[{"embeddable":true,"href":"https:\/\/llengues.umh.es\/es\/wp-json\/wp\/v2\/pages\/11"}],"wp:attachment":[{"href":"https:\/\/llengues.umh.es\/es\/wp-json\/wp\/v2\/media?parent=675"}],"curies":[{"name":"wp","href":"https:\/\/api.w.org\/{rel}","templated":true}]}}