{"id":687,"date":"2020-09-18T11:45:45","date_gmt":"2020-09-18T09:45:45","guid":{"rendered":"https:\/\/llengues.umh.es\/?page_id=687"},"modified":"2023-12-14T09:56:48","modified_gmt":"2023-12-14T08:56:48","slug":"revistes-catalanes-amb-acces-obert","status":"publish","type":"page","link":"https:\/\/llengues.umh.es\/es\/recursos\/revistes-catalanes-amb-acces-obert\/","title":{"rendered":"Revistes Catalanes amb Acc\u00e9s Obert"},"content":{"rendered":"<p><a href=\"https:\/\/www.raco.cat\/raco\/\" target=\"_blank\" rel=\"noopener noreferrer\"><img src=\"https:\/\/www.raco.cat\/raco\/wp-content\/uploads\/2019\/03\/cropped-raco.png\" alt=\"RACO\" \/><\/a><\/p>\n<p><strong><a href=\"https:\/\/www.raco.cat\/raco\/\" target=\"_blank\" rel=\"noopener noreferrer\">RACO (Revistes Catalanes amb Acc\u00e9s Obert)<\/a> \u00e9s un repositori cooperatiu des del qual es poden consultar, en acc\u00e9s obert, els articles a text complet de revistes cient\u00edfiques, culturals i erudites catalanes.<\/strong><\/p>\n<p>La principal finalitat de RACO \u00e9s augmentar la visibilitat i consulta de les revistes que inclou i difondre la producci\u00f3 cient\u00edfica i acad\u00e8mica que es publica a revistes catalanes. Aquesta finalitat es concreta en tres objectius:<\/p>\n<p>\u2013 Impulsar l\u2019<strong>edici\u00f3 electr\u00f2nica<\/strong>\u00a0de revistes catalanes<br \/>\n\u2013 Ser la interf\u00edcie que permeti la\u00a0<strong>consulta conjunta<\/strong>\u00a0de totes les revistes<br \/>\n\u2013 Facilitar els instruments per a la seva\u00a0<strong>preservaci\u00f3<\/strong><\/p>\n<p>RACO funciona amb el programa de codi lliure\u00a0<strong><a href=\"http:\/\/pkp.sfu.ca\/ojs\/\" target=\"_blank\" rel=\"noopener noreferrer\">Open Journal Systems (OJS)<\/a><\/strong>, desenvolupat pel Public Knowledge Project (PKP) amb l\u2019objectiu de fomentar l\u2019acc\u00e9s a la investigaci\u00f3, facilitant la gesti\u00f3 i publicaci\u00f3 de revistes cient\u00edfiques. Aquesta aplicaci\u00f3 permet fer, entre d\u2019altres, cerques per autor\/a i\/o t\u00edtol d\u2019article i per t\u00edtol, mat\u00e8ria o instituci\u00f3 editora de la revista. De cadascun dels articles es pot consultar la citaci\u00f3 bibliogr\u00e0fica recomanada, les estad\u00edstiques de consulta, exportar la refer\u00e8ncia bibliogr\u00e0fica al gestor Mendeley, recomanar lectures a companys, exportar el registre per incloure en el cat\u00e0leg de la biblioteca, etc. Aix\u00ed mateix, ofereix la possibilitat de subscriure\u2019s al servei d\u2019alerta de qualsevol de les revistes que inclou per rebre per correu electr\u00f2nic l\u2019av\u00eds de nous n\u00fameros publicats.<\/p>\n<p>Les revistes que s\u2019inclouen a RACO s\u00f3n aquelles que contenen un sumari, que tenen articles de m\u00e9s de 3\/4 p\u00e0gines i estan signats, que estan editades per una instituci\u00f3 cient\u00edfica, cultural i\/o erudita catalana, o publicades en catal\u00e0 o relacionades per hist\u00f2ria o per tem\u00e0tica amb la cultura catalana (<a href=\"https:\/\/www.raco.cat\/raco\/index.php\/criteris-dinclusio-i-comite-editorial\/\">m\u00e9s informaci\u00f3<\/a>).<\/p>","protected":false},"excerpt":{"rendered":"<p>RACO (Revistes Catalanes amb Acc\u00e9s Obert) \u00e9s un repositori cooperatiu des del qual es poden consultar, en acc\u00e9s obert, els articles a text complet de revistes cient\u00edfiques, culturals i erudites catalanes.<br \/>\nLa principal finalitat de RACO \u00e9s augmentar la visibilitat i consulta de les revistes que inclou i difondre la producci\u00f3 cient\u00edfica i acad\u00e8mica que es [&#8230;]<\/p>\n","protected":false},"author":3564,"featured_media":0,"parent":635,"menu_order":3,"comment_status":"closed","ping_status":"closed","template":"","meta":{"_links_to":"","_links_to_target":""},"_links":{"self":[{"href":"https:\/\/llengues.umh.es\/es\/wp-json\/wp\/v2\/pages\/687"}],"collection":[{"href":"https:\/\/llengues.umh.es\/es\/wp-json\/wp\/v2\/pages"}],"about":[{"href":"https:\/\/llengues.umh.es\/es\/wp-json\/wp\/v2\/types\/page"}],"author":[{"embeddable":true,"href":"https:\/\/llengues.umh.es\/es\/wp-json\/wp\/v2\/users\/3564"}],"replies":[{"embeddable":true,"href":"https:\/\/llengues.umh.es\/es\/wp-json\/wp\/v2\/comments?post=687"}],"version-history":[{"count":0,"href":"https:\/\/llengues.umh.es\/es\/wp-json\/wp\/v2\/pages\/687\/revisions"}],"up":[{"embeddable":true,"href":"https:\/\/llengues.umh.es\/es\/wp-json\/wp\/v2\/pages\/635"}],"wp:attachment":[{"href":"https:\/\/llengues.umh.es\/es\/wp-json\/wp\/v2\/media?parent=687"}],"curies":[{"name":"wp","href":"https:\/\/api.w.org\/{rel}","templated":true}]}}